{"id":97,"date":"2014-09-23T20:56:48","date_gmt":"2014-09-23T19:56:48","guid":{"rendered":"http:\/\/listelibrebriis.org\/wordpress\/?page_id=97"},"modified":"2022-10-28T18:13:37","modified_gmt":"2022-10-28T17:13:37","slug":"cahier-de-textes","status":"publish","type":"page","link":"https:\/\/listelibrebriis.org\/wordpress\/?page_id=97","title":{"rendered":"Outils num\u00e9riques: Pronote &#8211; ENT"},"content":{"rendered":"<p>Grande nouveaut\u00e9 cette ann\u00e9e, le coll\u00e8ge a remplac\u00e9 les anciens cahiers de texte, emploi du temps et autres outils \u00e9lectroniques par le logiciel <a href=\"https:\/\/0911920t.index-education.net\/pronote\/parent.html\" target=\"_blank\" rel=\"noopener\">PRO NOTE<\/a>, qui est beaucoup plus intuitif et simple \u00e0 utiliser. Accessible de l&rsquo;<a href=\"https:\/\/www.moncollege-ent.essonne.fr\" target=\"_blank\" rel=\"noopener\">ENT (Environnement Num\u00e9rique de Travail)<\/a>, il faut le chercher dans les applications: Ce rapide guide vous permettra d&rsquo;y acc\u00e9der:<\/p>\n<p><a href=\"https:\/\/listelibrebriis.org\/wordpress\/wp-content\/uploads\/Acces-a-pronote1.pdf\" target=\"_blank\" rel=\"noopener\"><img loading=\"lazy\" decoding=\"async\" class=\"alignnone size-full wp-image-148\" alt=\"Procedure_PRONOTE\" src=\"https:\/\/listelibrebriis.org\/wordpress\/wp-content\/uploads\/pronote1.jpg\" width=\"604\" height=\"820\"><\/a><\/p>\n","protected":false},"excerpt":{"rendered":"<p>Grande nouveaut\u00e9 cette ann\u00e9e, le coll\u00e8ge a remplac\u00e9 les anciens cahiers de texte, emploi du temps et autres outils \u00e9lectroniques par le logiciel PRO NOTE, qui est beaucoup plus intuitif et simple \u00e0 utiliser. Accessible de l&rsquo;ENT (Environnement Num\u00e9rique de &hellip; <a href=\"https:\/\/listelibrebriis.org\/wordpress\/?page_id=97\">Continuer la lecture <span class=\"meta-nav\">&rarr;<\/span><\/a><\/p>\n","protected":false},"author":1,"featured_media":0,"parent":19,"menu_order":0,"comment_status":"open","ping_status":"open","template":"","meta":{"footnotes":""},"class_list":["post-97","page","type-page","status-publish","hentry"],"_links":{"self":[{"href":"https:\/\/listelibrebriis.org\/wordpress\/index.php?rest_route=\/wp\/v2\/pages\/97","targetHints":{"allow":["GET"]}}],"collection":[{"href":"https:\/\/listelibrebriis.org\/wordpress\/index.php?rest_route=\/wp\/v2\/pages"}],"about":[{"href":"https:\/\/listelibrebriis.org\/wordpress\/index.php?rest_route=\/wp\/v2\/types\/page"}],"author":[{"embeddable":true,"href":"https:\/\/listelibrebriis.org\/wordpress\/index.php?rest_route=\/wp\/v2\/users\/1"}],"replies":[{"embeddable":true,"href":"https:\/\/listelibrebriis.org\/wordpress\/index.php?rest_route=%2Fwp%2Fv2%2Fcomments&post=97"}],"version-history":[{"count":6,"href":"https:\/\/listelibrebriis.org\/wordpress\/index.php?rest_route=\/wp\/v2\/pages\/97\/revisions"}],"predecessor-version":[{"id":302,"href":"https:\/\/listelibrebriis.org\/wordpress\/index.php?rest_route=\/wp\/v2\/pages\/97\/revisions\/302"}],"up":[{"embeddable":true,"href":"https:\/\/listelibrebriis.org\/wordpress\/index.php?rest_route=\/wp\/v2\/pages\/19"}],"wp:attachment":[{"href":"https:\/\/listelibrebriis.org\/wordpress\/index.php?rest_route=%2Fwp%2Fv2%2Fmedia&parent=97"}],"curies":[{"name":"wp","href":"https:\/\/api.w.org\/{rel}","templated":true}]}}