{"id":86,"date":"2014-09-04T22:43:41","date_gmt":"2014-09-04T21:43:41","guid":{"rendered":"http:\/\/listelibrebriis.org\/wordpress\/?page_id=86"},"modified":"2022-10-28T18:09:56","modified_gmt":"2022-10-28T17:09:56","slug":"nous-rejoindre","status":"publish","type":"page","link":"https:\/\/listelibrebriis.org\/wordpress\/?page_id=86","title":{"rendered":"Nous rejoindre"},"content":{"rendered":"<p>Si vous souhaitez rejoindre les membres de la Liste Libre de parents d&rsquo;\u00e9l\u00e8ves, vous pouvez d\u00e8s maintenant remplir et nous <a href=\"mailto:info@listelibrebriis.org\">renvoyer par mail<\/a> le <a href=\"https:\/\/listelibrebriis.org\/wordpress\/wp-content\/uploads\/bulletin-dinscription-2022-2023.pdf\">bulletin d&rsquo;inscription<\/a> ci-joint.<\/p>\n<p>Il faudra ensuite valider cette inscription en nous <a title=\"Contact\" href=\"https:\/\/listelibrebriis.org\/wordpress\/?page_id=8\">contactant<\/a>, afin que nous vous expliquions en quoi consiste le r\u00f4le d&rsquo;un repr\u00e9sentant de parents d&rsquo;\u00e9l\u00e8ves, et nous transmettre la cotisation de 10\u20ac.<\/p>\n","protected":false},"excerpt":{"rendered":"<p>Si vous souhaitez rejoindre les membres de la Liste Libre de parents d&rsquo;\u00e9l\u00e8ves, vous pouvez d\u00e8s maintenant remplir et nous renvoyer par mail le bulletin d&rsquo;inscription ci-joint. Il faudra ensuite valider cette inscription en nous contactant, afin que nous vous &hellip; <a href=\"https:\/\/listelibrebriis.org\/wordpress\/?page_id=86\">Continuer la lecture <span class=\"meta-nav\">&rarr;<\/span><\/a><\/p>\n","protected":false},"author":1,"featured_media":0,"parent":17,"menu_order":0,"comment_status":"open","ping_status":"open","template":"","meta":{"footnotes":""},"class_list":["post-86","page","type-page","status-publish","hentry"],"_links":{"self":[{"href":"https:\/\/listelibrebriis.org\/wordpress\/index.php?rest_route=\/wp\/v2\/pages\/86","targetHints":{"allow":["GET"]}}],"collection":[{"href":"https:\/\/listelibrebriis.org\/wordpress\/index.php?rest_route=\/wp\/v2\/pages"}],"about":[{"href":"https:\/\/listelibrebriis.org\/wordpress\/index.php?rest_route=\/wp\/v2\/types\/page"}],"author":[{"embeddable":true,"href":"https:\/\/listelibrebriis.org\/wordpress\/index.php?rest_route=\/wp\/v2\/users\/1"}],"replies":[{"embeddable":true,"href":"https:\/\/listelibrebriis.org\/wordpress\/index.php?rest_route=%2Fwp%2Fv2%2Fcomments&post=86"}],"version-history":[{"count":6,"href":"https:\/\/listelibrebriis.org\/wordpress\/index.php?rest_route=\/wp\/v2\/pages\/86\/revisions"}],"predecessor-version":[{"id":301,"href":"https:\/\/listelibrebriis.org\/wordpress\/index.php?rest_route=\/wp\/v2\/pages\/86\/revisions\/301"}],"up":[{"embeddable":true,"href":"https:\/\/listelibrebriis.org\/wordpress\/index.php?rest_route=\/wp\/v2\/pages\/17"}],"wp:attachment":[{"href":"https:\/\/listelibrebriis.org\/wordpress\/index.php?rest_route=%2Fwp%2Fv2%2Fmedia&parent=86"}],"curies":[{"name":"wp","href":"https:\/\/api.w.org\/{rel}","templated":true}]}}