{"id":8,"date":"2013-10-17T22:45:11","date_gmt":"2013-10-17T21:45:11","guid":{"rendered":"http:\/\/listelibrebriis.org\/wordpress\/?page_id=8"},"modified":"2022-09-16T19:18:42","modified_gmt":"2022-09-16T18:18:42","slug":"8-2","status":"publish","type":"page","link":"https:\/\/listelibrebriis.org\/wordpress\/?page_id=8","title":{"rendered":"Contact"},"content":{"rendered":"<p>Nous contacter: <a href=\"mailto:info@listelibrebriis.org\">info@listelibrebriis.org<\/a><\/p>\n<p>T\u00e9l\u00e9phone (Emeline Corus, pr\u00e9sidente) : 06 38 42 19 99<\/p>\n","protected":false},"excerpt":{"rendered":"<p>Nous contacter: info@listelibrebriis.org T\u00e9l\u00e9phone (Emeline Corus, pr\u00e9sidente) : 06 38 42 19 99<\/p>\n","protected":false},"author":1,"featured_media":0,"parent":0,"menu_order":0,"comment_status":"open","ping_status":"open","template":"","meta":{"footnotes":""},"class_list":["post-8","page","type-page","status-publish","hentry"],"_links":{"self":[{"href":"https:\/\/listelibrebriis.org\/wordpress\/index.php?rest_route=\/wp\/v2\/pages\/8","targetHints":{"allow":["GET"]}}],"collection":[{"href":"https:\/\/listelibrebriis.org\/wordpress\/index.php?rest_route=\/wp\/v2\/pages"}],"about":[{"href":"https:\/\/listelibrebriis.org\/wordpress\/index.php?rest_route=\/wp\/v2\/types\/page"}],"author":[{"embeddable":true,"href":"https:\/\/listelibrebriis.org\/wordpress\/index.php?rest_route=\/wp\/v2\/users\/1"}],"replies":[{"embeddable":true,"href":"https:\/\/listelibrebriis.org\/wordpress\/index.php?rest_route=%2Fwp%2Fv2%2Fcomments&post=8"}],"version-history":[{"count":7,"href":"https:\/\/listelibrebriis.org\/wordpress\/index.php?rest_route=\/wp\/v2\/pages\/8\/revisions"}],"predecessor-version":[{"id":275,"href":"https:\/\/listelibrebriis.org\/wordpress\/index.php?rest_route=\/wp\/v2\/pages\/8\/revisions\/275"}],"wp:attachment":[{"href":"https:\/\/listelibrebriis.org\/wordpress\/index.php?rest_route=%2Fwp%2Fv2%2Fmedia&parent=8"}],"curies":[{"name":"wp","href":"https:\/\/api.w.org\/{rel}","templated":true}]}}