{"id":44,"date":"2013-11-27T22:33:10","date_gmt":"2013-11-27T21:33:10","guid":{"rendered":"http:\/\/listelibrebriis.org\/wordpress\/?page_id=44"},"modified":"2022-08-27T11:32:24","modified_gmt":"2022-08-27T10:32:24","slug":"accueil","status":"publish","type":"page","link":"https:\/\/listelibrebriis.org\/wordpress\/?page_id=44","title":{"rendered":"Accueil"},"content":{"rendered":"<p>Bienvenue sur le site de la <strong>Liste Libre<\/strong> des parents d&rsquo;\u00e9l\u00e8ves de Briis sous Forges.<\/p>\n<p>La Liste Libre est une association repr\u00e9sentant les parents d&rsquo;\u00e9l\u00e8ves du coll\u00e8ge Jean Monnet aupr\u00e8s des enseignants, de la direction, de la Mairie, du Conseil G\u00e9n\u00e9ral et de tous les autres acteurs de cet \u00e9tablissement.<\/p>\n<p>Nous avons initi\u00e9 ce site internet afin d&rsquo;y apporter le plus de r\u00e9ponses possibles aux questions que vous, parents, pouvez vous poser concernant la scolarit\u00e9 de vos enfants, et esp\u00e9rons que vous pourrez y trouver ce que vous cherchez.<\/p>\n<p>N&rsquo;h\u00e9sitez pas \u00e0 nous transmettre vos suggestions d&rsquo;am\u00e9lioration et id\u00e9es d&rsquo;informations manquantes.<\/p>\n","protected":false},"excerpt":{"rendered":"<p>Bienvenue sur le site de la Liste Libre des parents d&rsquo;\u00e9l\u00e8ves de Briis sous Forges. La Liste Libre est une association repr\u00e9sentant les parents d&rsquo;\u00e9l\u00e8ves du coll\u00e8ge Jean Monnet aupr\u00e8s des enseignants, de la direction, de la Mairie, du Conseil &hellip; <a href=\"https:\/\/listelibrebriis.org\/wordpress\/?page_id=44\">Continuer la lecture <span class=\"meta-nav\">&rarr;<\/span><\/a><\/p>\n","protected":false},"author":1,"featured_media":0,"parent":0,"menu_order":0,"comment_status":"open","ping_status":"open","template":"paget-posts.php","meta":{"footnotes":""},"class_list":["post-44","page","type-page","status-publish","hentry"],"_links":{"self":[{"href":"https:\/\/listelibrebriis.org\/wordpress\/index.php?rest_route=\/wp\/v2\/pages\/44","targetHints":{"allow":["GET"]}}],"collection":[{"href":"https:\/\/listelibrebriis.org\/wordpress\/index.php?rest_route=\/wp\/v2\/pages"}],"about":[{"href":"https:\/\/listelibrebriis.org\/wordpress\/index.php?rest_route=\/wp\/v2\/types\/page"}],"author":[{"embeddable":true,"href":"https:\/\/listelibrebriis.org\/wordpress\/index.php?rest_route=\/wp\/v2\/users\/1"}],"replies":[{"embeddable":true,"href":"https:\/\/listelibrebriis.org\/wordpress\/index.php?rest_route=%2Fwp%2Fv2%2Fcomments&post=44"}],"version-history":[{"count":12,"href":"https:\/\/listelibrebriis.org\/wordpress\/index.php?rest_route=\/wp\/v2\/pages\/44\/revisions"}],"predecessor-version":[{"id":262,"href":"https:\/\/listelibrebriis.org\/wordpress\/index.php?rest_route=\/wp\/v2\/pages\/44\/revisions\/262"}],"wp:attachment":[{"href":"https:\/\/listelibrebriis.org\/wordpress\/index.php?rest_route=%2Fwp%2Fv2%2Fmedia&parent=44"}],"curies":[{"name":"wp","href":"https:\/\/api.w.org\/{rel}","templated":true}]}}