{"id":23,"date":"2013-11-27T22:18:05","date_gmt":"2013-11-27T21:18:05","guid":{"rendered":"http:\/\/listelibrebriis.org\/wordpress\/?page_id=23"},"modified":"2022-10-17T20:21:57","modified_gmt":"2022-10-17T19:21:57","slug":"reperes","status":"publish","type":"page","link":"https:\/\/listelibrebriis.org\/wordpress\/?page_id=23","title":{"rendered":"Rep\u00e8res"},"content":{"rendered":"<p>Pour joindre le coll\u00e8ge, voir les<a href=\"http:\/\/www.clg-monnet-briis.ac-versailles.fr\/Acces-au-college-188\"> informations pratiques<\/a> sur son site.<\/p>\n<p>Les enfants sont au coll\u00e8ge de 8h40 \u00e0 17h10, avec une pause m\u00e9ridienne de 1h30. Le mercredi, ils finissent \u00e0 11h45 ou 12h40 en g\u00e9n\u00e9ral. Vous pouvez trouver leur emploi du temps \u00e0 la rubrique \u00ab\u00a0Cahier de textes\u00a0\u00bb de l&rsquo;ENT : choisissez la classe de votre enfant, et appuyez sur \u00ab\u00a0Emploi du temps\u00a0\u00bb. Si vous avez des difficult\u00e9s \u00e0 utiliser l&rsquo;ENT, lisez ce <a href=\"https:\/\/listelibrebriis.org\/wordpress\/wp-content\/uploads\/Tutoriel-Premiers-pas-avec-lENT.pdf\">Tutoriel Premiers pas avec l&rsquo;ENT<\/a> \u00e9dit\u00e9 par le coll\u00e8ge.<\/p>\n<p>Les enfants ne peuvent pas sortir du coll\u00e8ge tant qu&rsquo;ils n&rsquo;ont pas termin\u00e9 tous leurs cours. Ensuite, selon les horaires, ils peuvent prendre le bus pour rentrer chez eux. Il y a des bus \u00e0 16h25 et \u00e0 17h20. Mais pour ceux qui finissent plus t\u00f4t, il y a le syst\u00e8me de \u00ab\u00a0transport \u00e0 la demande\u00a0\u00bb (TAD). La carte de transport Navigo des enfants y donne acc\u00e8s: renseignez-vous si vos enfants terminent leurs cours en d\u00e9but d\u2019apr\u00e8s-midi !<\/p>\n<h3>Explication des codes de sortie pour les enfants<\/h3>\n<p><span style=\"color: #339966;\"><strong>Code vert <\/strong><\/span>= Entr\u00e9e et sortie en fonction des horaires de l&#8217;emploi du temps.\u00a0 Les \u00e9l\u00e8ves demi-pensionnaires doivent tout de m\u00eame manger \u00e0 la cantine.<\/p>\n<p><strong><span style=\"color: #339966;\">Code vert******<\/span> <\/strong>= Entr\u00e9e et sortie en fonction des horaires de l&#8217;emploi du temps, sauf en cas de modification de l&#8217;emploi du temps le jour m\u00eame. Les \u00e9l\u00e8ves demi-pensionnaires doivent tout de m\u00eame manger \u00e0 la cantine.<\/p>\n<p><span style=\"color: #ff6600;\"><strong>Code orange<\/strong> <\/span>= Entr\u00e9e \u00e0 8h40 et sortie autoris\u00e9e \u00e0 partir de 16h15.<\/p>\n<p><span style=\"color: #ff6600;\"><strong>Code orange******<\/strong><\/span> = Entr\u00e9e \u00e0 8h40 et sortie autoris\u00e9e \u00e0 partir de 16h15, sauf en cas de modification de l&#8217;emploi du temps le jour m\u00eame.<\/p>\n<p><strong><span style=\"color: #ff0000;\">Code rouge<\/span><\/strong> = Entr\u00e9e et sortie en fonction des horaires d&rsquo;ouverture du coll\u00e8ge, soit de 8h40 \u00e0 17h10, quelque soit l&#8217;emploi du temps.<\/p>\n","protected":false},"excerpt":{"rendered":"<p>Pour joindre le coll\u00e8ge, voir les informations pratiques sur son site. Les enfants sont au coll\u00e8ge de 8h40 \u00e0 17h10, avec une pause m\u00e9ridienne de 1h30. Le mercredi, ils finissent \u00e0 11h45 ou 12h40 en g\u00e9n\u00e9ral. Vous pouvez trouver leur &hellip; <a href=\"https:\/\/listelibrebriis.org\/wordpress\/?page_id=23\">Continuer la lecture <span class=\"meta-nav\">&rarr;<\/span><\/a><\/p>\n","protected":false},"author":1,"featured_media":0,"parent":19,"menu_order":0,"comment_status":"open","ping_status":"open","template":"","meta":{"footnotes":""},"class_list":["post-23","page","type-page","status-publish","hentry"],"_links":{"self":[{"href":"https:\/\/listelibrebriis.org\/wordpress\/index.php?rest_route=\/wp\/v2\/pages\/23","targetHints":{"allow":["GET"]}}],"collection":[{"href":"https:\/\/listelibrebriis.org\/wordpress\/index.php?rest_route=\/wp\/v2\/pages"}],"about":[{"href":"https:\/\/listelibrebriis.org\/wordpress\/index.php?rest_route=\/wp\/v2\/types\/page"}],"author":[{"embeddable":true,"href":"https:\/\/listelibrebriis.org\/wordpress\/index.php?rest_route=\/wp\/v2\/users\/1"}],"replies":[{"embeddable":true,"href":"https:\/\/listelibrebriis.org\/wordpress\/index.php?rest_route=%2Fwp%2Fv2%2Fcomments&post=23"}],"version-history":[{"count":7,"href":"https:\/\/listelibrebriis.org\/wordpress\/index.php?rest_route=\/wp\/v2\/pages\/23\/revisions"}],"predecessor-version":[{"id":293,"href":"https:\/\/listelibrebriis.org\/wordpress\/index.php?rest_route=\/wp\/v2\/pages\/23\/revisions\/293"}],"up":[{"embeddable":true,"href":"https:\/\/listelibrebriis.org\/wordpress\/index.php?rest_route=\/wp\/v2\/pages\/19"}],"wp:attachment":[{"href":"https:\/\/listelibrebriis.org\/wordpress\/index.php?rest_route=%2Fwp%2Fv2%2Fmedia&parent=23"}],"curies":[{"name":"wp","href":"https:\/\/api.w.org\/{rel}","templated":true}]}}