{"id":21,"date":"2013-11-27T22:17:39","date_gmt":"2013-11-27T21:17:39","guid":{"rendered":"http:\/\/listelibrebriis.org\/wordpress\/?page_id=21"},"modified":"2022-10-17T20:16:57","modified_gmt":"2022-10-17T19:16:57","slug":"les-conseils-de-classe","status":"publish","type":"page","link":"https:\/\/listelibrebriis.org\/wordpress\/?page_id=21","title":{"rendered":"Les conseils de classe"},"content":{"rendered":"<p>Lors des conseils de classe, un repr\u00e9sentant de chaque f\u00e9d\u00e9ration de parents d\u2019\u00e9l\u00e8ves est pr\u00e9sent syst\u00e9matiquement. Son r\u00f4le consiste \u00e0\u00a0:<\/p>\n<ul>\n<li><strong>\u00c9couter<\/strong>; pour pouvoir vous informer, \u00e0 travers le compte-rendu du conseil de classe, de l\u2019ambiance dans la classe et des \u00e9ventuelles difficult\u00e9s rencontr\u00e9es par les \u00e9l\u00e8ves et ressenties par l\u2019\u00e9quipe p\u00e9dagogique. Les repr\u00e9sentants de parents notent \u00e9galement les appr\u00e9ciations de chaque \u00e9l\u00e8ve afin d\u2019apporter des compl\u00e9ments par rapport \u00e0 l\u2019appr\u00e9ciation du bulletin.<\/li>\n<li><strong>Donner son avis<\/strong>; quand le repr\u00e9sentant l\u2019estime pertinent, afin d\u2019apporter des pr\u00e9cisions sur des cas particuliers ou de de v\u00e9rifier l\u2019\u00e9quit\u00e9 entre tous les enfants<\/li>\n<li><strong>Transmettre<\/strong>; \u00e0 travers les remarques et interrogations des parents r\u00e9cup\u00e9r\u00e9es via les questionnaires de pr\u00e9paration aux conseils de classe, les repr\u00e9sentants de parents signalent aux \u00e9quipes p\u00e9dagogiques tous les probl\u00e8mes rencontr\u00e9s par les parents<\/li>\n<li><strong>R\u00e9diger\u00a0<\/strong>un compte-rendu qui, apr\u00e8s relecture par la direction du coll\u00e8ge, sera transmis aux parents de la classe concern\u00e9e.<\/li>\n<\/ul>\n<h3>Vos d\u00e9l\u00e9gu\u00e9s Liste Libre par classe\u00a0:<\/h3>\n<p style=\"padding-left: 40px;\">6<sup>\u00e8me<\/sup> A\u00a0: Emeline Corus<\/p>\n<p style=\"padding-left: 40px;\">6<sup>\u00e8me<\/sup> B\u00a0: Zahia Gaba<\/p>\n<p style=\"padding-left: 40px;\">6<sup>\u00e8me<\/sup> C\u00a0:<\/p>\n<p style=\"padding-left: 40px;\">6<sup>\u00e8me<\/sup> D\u00a0: Fanette Paret ou Sophie Lanique ou St\u00e9phanie P\u00e9chot<\/p>\n<p style=\"padding-left: 40px;\">6<sup>\u00e8me<\/sup> E\u00a0:<\/p>\n<p>5<sup>\u00e8me<\/sup> A\u00a0: Line Guilbert<\/p>\n<p>5<sup>\u00e8me<\/sup> B\u00a0: C\u00e9cile Azalbert<\/p>\n<p>5<sup>\u00e8me<\/sup> C\u00a0: David Lef\u00e8vre<\/p>\n<p>5<sup>\u00e8me<\/sup> D\u00a0:<\/p>\n<p>5<sup>\u00e8me<\/sup> E\u00a0:<\/p>\n<p style=\"padding-left: 40px;\">4<sup>\u00e8me<\/sup> A\u00a0: Sandrine Wegnez<\/p>\n<p style=\"padding-left: 40px;\">4<sup>\u00e8me<\/sup> B\u00a0: Sophie Lanique<\/p>\n<p style=\"padding-left: 40px;\">4<sup>\u00e8me<\/sup> C\u00a0: Marie Lahalle ou Zahia Gaba ou Sabrina Fardeau<\/p>\n<p style=\"padding-left: 40px;\">4<sup>\u00e8me<\/sup> D\u00a0: Emeline Corus<\/p>\n<p style=\"padding-left: 40px;\">4<sup>\u00e8me<\/sup> E\u00a0: Audrey Laburthe<\/p>\n<p>3<sup>\u00e8me<\/sup> A\u00a0:<\/p>\n<p>3<sup>\u00e8me<\/sup> B\u00a0:<\/p>\n<p>3<sup>\u00e8me<\/sup> C\u00a0: \u00c9ric Potini\u00e8re<\/p>\n<p>3<sup>\u00e8me<\/sup> D\u00a0:<\/p>\n<p>3<sup>\u00e8me<\/sup> E\u00a0: Barbara Pereira ou Chrystel Pierre<\/p>\n","protected":false},"excerpt":{"rendered":"<p>Lors des conseils de classe, un repr\u00e9sentant de chaque f\u00e9d\u00e9ration de parents d\u2019\u00e9l\u00e8ves est pr\u00e9sent syst\u00e9matiquement. Son r\u00f4le consiste \u00e0\u00a0: \u00c9couter; pour pouvoir vous informer, \u00e0 travers le compte-rendu du conseil de classe, de l\u2019ambiance dans la classe et des &hellip; <a href=\"https:\/\/listelibrebriis.org\/wordpress\/?page_id=21\">Continuer la lecture <span class=\"meta-nav\">&rarr;<\/span><\/a><\/p>\n","protected":false},"author":1,"featured_media":0,"parent":19,"menu_order":0,"comment_status":"open","ping_status":"open","template":"","meta":{"footnotes":""},"class_list":["post-21","page","type-page","status-publish","hentry"],"_links":{"self":[{"href":"https:\/\/listelibrebriis.org\/wordpress\/index.php?rest_route=\/wp\/v2\/pages\/21","targetHints":{"allow":["GET"]}}],"collection":[{"href":"https:\/\/listelibrebriis.org\/wordpress\/index.php?rest_route=\/wp\/v2\/pages"}],"about":[{"href":"https:\/\/listelibrebriis.org\/wordpress\/index.php?rest_route=\/wp\/v2\/types\/page"}],"author":[{"embeddable":true,"href":"https:\/\/listelibrebriis.org\/wordpress\/index.php?rest_route=\/wp\/v2\/users\/1"}],"replies":[{"embeddable":true,"href":"https:\/\/listelibrebriis.org\/wordpress\/index.php?rest_route=%2Fwp%2Fv2%2Fcomments&post=21"}],"version-history":[{"count":6,"href":"https:\/\/listelibrebriis.org\/wordpress\/index.php?rest_route=\/wp\/v2\/pages\/21\/revisions"}],"predecessor-version":[{"id":291,"href":"https:\/\/listelibrebriis.org\/wordpress\/index.php?rest_route=\/wp\/v2\/pages\/21\/revisions\/291"}],"up":[{"embeddable":true,"href":"https:\/\/listelibrebriis.org\/wordpress\/index.php?rest_route=\/wp\/v2\/pages\/19"}],"wp:attachment":[{"href":"https:\/\/listelibrebriis.org\/wordpress\/index.php?rest_route=%2Fwp%2Fv2%2Fmedia&parent=21"}],"curies":[{"name":"wp","href":"https:\/\/api.w.org\/{rel}","templated":true}]}}