{"id":15,"date":"2013-11-27T22:15:28","date_gmt":"2013-11-27T21:15:28","guid":{"rendered":"http:\/\/listelibrebriis.org\/wordpress\/?page_id=15"},"modified":"2022-10-28T18:23:08","modified_gmt":"2022-10-28T17:23:08","slug":"profession-de-foi","status":"publish","type":"page","link":"https:\/\/listelibrebriis.org\/wordpress\/?page_id=15","title":{"rendered":"Profession de foi"},"content":{"rendered":"\n<h2 class=\"wp-block-heading\"><mark style=\"background-color:rgba(0, 0, 0, 0)\" class=\"has-inline-color has-blue-color\">Qui sommes-nous:<\/mark><\/h2>\n\n\n\n<ul class=\"wp-block-list\"><li>Des parents soucieux de contribuer \u00e0 <strong>l\u2019\u00e9ducation<\/strong> et au <strong>bien-\u00eatre de nos enfants,<\/strong><\/li><li>Des parents qui entretiennent des<strong> liens \u00e9troits <\/strong>avec le coll\u00e8ge pour vous informer de la <strong>vie de l\u2019\u00e9tablissement,<\/strong><\/li><li>Une f\u00e9d\u00e9ration de parents <strong>autonomes<\/strong>, <strong>libre de ses actions <\/strong>et de ses id\u00e9es, <strong>politiquement neutre.<\/strong><\/li><li>Notre affiliation \u00e0 l\u2019UNAAPE permet de : <ul><li>B\u00e9n\u00e9ficier des <strong>informations<\/strong> et de l\u2019appui d\u2019une <strong>organisation nationale<\/strong>,<\/li><li>Remonter les <strong>bonnes pratiques<\/strong>, mais aussi les difficult\u00e9s.<\/li><\/ul><\/li><\/ul>\n\n\n\n<p><\/p>\n\n\n\n<h2 class=\"wp-block-heading\"><mark style=\"background-color:rgba(0, 0, 0, 0)\" class=\"has-inline-color has-blue-color\">Que faisons-nous:<\/mark><\/h2>\n\n\n\n<ul class=\"wp-block-list\"><li>Nous vous <strong>repr\u00e9sentons&nbsp;:<\/strong> <ul><li>Aux conseils de classes (60 conseils\/an)<\/li><li>Aux conseils d\u2019administration (5-6\/an)<\/li><li>Aux commissions (discipline, \u00e9ducation, \u2026) <\/li><\/ul><\/li><li>Nous vous <strong>communiquons <\/strong>les informations importantes via l\u2019ENT ou par courriel<\/li><li>Nous <strong>participons <\/strong>\u00e0 des actions en lien avec le coll\u00e8ge (conf\u00e9rences, sorties, voyages, \u2026)<\/li><li>De l\u2019info, des news, l\u2019actu : <a href=\"https:\/\/listelibrebriis.org\/\">https:\/\/listelibrebriis.org<\/a><\/li><\/ul>\n\n\n\n<p><\/p>\n\n\n\n<h2 class=\"wp-block-heading\"><mark style=\"background-color:rgba(0, 0, 0, 0)\" class=\"has-inline-color has-blue-color\">Rejoignez-nous:<\/mark><\/h2>\n\n\n\n<p><strong>Adh\u00e9rer<\/strong> \u00e0 la Liste Libre des parents d\u2019\u00e9l\u00e8ves, c\u2019est contribuer aux d\u00e9cisions concernant&nbsp;:<\/p>\n\n\n\n<ul class=\"wp-block-list\"><li>Les activit\u00e9s scolaires de vos enfants<\/li><li>L\u2019organisation de leur scolarit\u00e9<\/li><li>La vie dans l\u2019\u00e9tablissement<\/li><li>Etc.<\/li><\/ul>\n\n\n\n<p>C\u2019est surtout <strong>faire partie<\/strong> d\u2019un <strong>groupe riche en diversit\u00e9<\/strong>, qui se construit des opinions adapt\u00e9es aux probl\u00e8mes du moment en \u00e9changeant librement entre tous ses membres, quelles que soient leurs divergences de d\u00e9part.<\/p>\n\n\n\n<h4 class=\"wp-block-heading\">&nbsp;<\/h4>\n\n\n\n<p>&nbsp;<\/p>\n","protected":false},"excerpt":{"rendered":"<p>Qui sommes-nous: Des parents soucieux de contribuer \u00e0 l\u2019\u00e9ducation et au bien-\u00eatre de nos enfants, Des parents qui entretiennent des liens \u00e9troits avec le coll\u00e8ge pour vous informer de la vie de l\u2019\u00e9tablissement, Une f\u00e9d\u00e9ration de parents autonomes, libre de &hellip; <a href=\"https:\/\/listelibrebriis.org\/wordpress\/?page_id=15\">Continuer la lecture <span class=\"meta-nav\">&rarr;<\/span><\/a><\/p>\n","protected":false},"author":1,"featured_media":0,"parent":17,"menu_order":0,"comment_status":"open","ping_status":"open","template":"","meta":{"footnotes":""},"class_list":["post-15","page","type-page","status-publish","hentry"],"_links":{"self":[{"href":"https:\/\/listelibrebriis.org\/wordpress\/index.php?rest_route=\/wp\/v2\/pages\/15","targetHints":{"allow":["GET"]}}],"collection":[{"href":"https:\/\/listelibrebriis.org\/wordpress\/index.php?rest_route=\/wp\/v2\/pages"}],"about":[{"href":"https:\/\/listelibrebriis.org\/wordpress\/index.php?rest_route=\/wp\/v2\/types\/page"}],"author":[{"embeddable":true,"href":"https:\/\/listelibrebriis.org\/wordpress\/index.php?rest_route=\/wp\/v2\/users\/1"}],"replies":[{"embeddable":true,"href":"https:\/\/listelibrebriis.org\/wordpress\/index.php?rest_route=%2Fwp%2Fv2%2Fcomments&post=15"}],"version-history":[{"count":8,"href":"https:\/\/listelibrebriis.org\/wordpress\/index.php?rest_route=\/wp\/v2\/pages\/15\/revisions"}],"predecessor-version":[{"id":303,"href":"https:\/\/listelibrebriis.org\/wordpress\/index.php?rest_route=\/wp\/v2\/pages\/15\/revisions\/303"}],"up":[{"embeddable":true,"href":"https:\/\/listelibrebriis.org\/wordpress\/index.php?rest_route=\/wp\/v2\/pages\/17"}],"wp:attachment":[{"href":"https:\/\/listelibrebriis.org\/wordpress\/index.php?rest_route=%2Fwp%2Fv2%2Fmedia&parent=15"}],"curies":[{"name":"wp","href":"https:\/\/api.w.org\/{rel}","templated":true}]}}