{"id":132,"date":"2014-10-12T21:54:01","date_gmt":"2014-10-12T20:54:01","guid":{"rendered":"http:\/\/listelibrebriis.org\/wordpress\/?page_id=132"},"modified":"2022-10-17T19:53:22","modified_gmt":"2022-10-17T18:53:22","slug":"vos-representants-elus","status":"publish","type":"page","link":"https:\/\/listelibrebriis.org\/wordpress\/?page_id=132","title":{"rendered":"Vos repr\u00e9sentants \u00e9lus"},"content":{"rendered":"\n<p class=\"has-text-align-left\">Lors des \u00e9lections du 7 octobre 2022, vos votes ont permis \u00e0 la Liste Libre d\u2019obtenir 2 si\u00e8ges parmi les 6 si\u00e8ges attribu\u00e9s aux repr\u00e9sentants de parents d\u2019\u00e9l\u00e8ves lors des conseils d\u2019administration.<\/p>\n\n\n\n<p class=\"has-text-align-left\">Nous vous remercions de votre confiance et nous nous engageons \u00e0 continuer de vous repr\u00e9senter au mieux, dans l\u2019int\u00e9r\u00eat des enfants, et toujours en bonne coordination avec la FCPE.<\/p>\n\n\n\n<p class=\"has-text-align-left\">Vous trouverez ci-dessous l\u2019ensemble des repr\u00e9sentants de la Liste Libre pour les diff\u00e9rentes commissions.<\/p>\n\n\n\n<figure class=\"wp-block-image size-full\"><a href=\"https:\/\/listelibrebriis.org\/wordpress\/wp-content\/uploads\/image.png\"><img loading=\"lazy\" decoding=\"async\" width=\"605\" height=\"619\" src=\"https:\/\/listelibrebriis.org\/wordpress\/wp-content\/uploads\/image.png\" alt=\"\" class=\"wp-image-288\" srcset=\"https:\/\/listelibrebriis.org\/wordpress\/wp-content\/uploads\/image.png 605w, https:\/\/listelibrebriis.org\/wordpress\/wp-content\/uploads\/image-293x300.png 293w\" sizes=\"auto, (max-width: 605px) 100vw, 605px\" \/><\/a><figcaption>Repr\u00e9sentants \u00e9lus de la Liste Libre pr\u00e9sent dans les commissions<\/figcaption><\/figure>\n\n\n\n<p><\/p>\n","protected":false},"excerpt":{"rendered":"<p>Lors des \u00e9lections du 7 octobre 2022, vos votes ont permis \u00e0 la Liste Libre d\u2019obtenir 2 si\u00e8ges parmi les 6 si\u00e8ges attribu\u00e9s aux repr\u00e9sentants de parents d\u2019\u00e9l\u00e8ves lors des conseils d\u2019administration. Nous vous remercions de votre confiance et nous &hellip; <a href=\"https:\/\/listelibrebriis.org\/wordpress\/?page_id=132\">Continuer la lecture <span class=\"meta-nav\">&rarr;<\/span><\/a><\/p>\n","protected":false},"author":2,"featured_media":0,"parent":17,"menu_order":0,"comment_status":"open","ping_status":"open","template":"","meta":{"footnotes":""},"class_list":["post-132","page","type-page","status-publish","hentry"],"_links":{"self":[{"href":"https:\/\/listelibrebriis.org\/wordpress\/index.php?rest_route=\/wp\/v2\/pages\/132","targetHints":{"allow":["GET"]}}],"collection":[{"href":"https:\/\/listelibrebriis.org\/wordpress\/index.php?rest_route=\/wp\/v2\/pages"}],"about":[{"href":"https:\/\/listelibrebriis.org\/wordpress\/index.php?rest_route=\/wp\/v2\/types\/page"}],"author":[{"embeddable":true,"href":"https:\/\/listelibrebriis.org\/wordpress\/index.php?rest_route=\/wp\/v2\/users\/2"}],"replies":[{"embeddable":true,"href":"https:\/\/listelibrebriis.org\/wordpress\/index.php?rest_route=%2Fwp%2Fv2%2Fcomments&post=132"}],"version-history":[{"count":6,"href":"https:\/\/listelibrebriis.org\/wordpress\/index.php?rest_route=\/wp\/v2\/pages\/132\/revisions"}],"predecessor-version":[{"id":298,"href":"https:\/\/listelibrebriis.org\/wordpress\/index.php?rest_route=\/wp\/v2\/pages\/132\/revisions\/298"}],"up":[{"embeddable":true,"href":"https:\/\/listelibrebriis.org\/wordpress\/index.php?rest_route=\/wp\/v2\/pages\/17"}],"wp:attachment":[{"href":"https:\/\/listelibrebriis.org\/wordpress\/index.php?rest_route=%2Fwp%2Fv2%2Fmedia&parent=132"}],"curies":[{"name":"wp","href":"https:\/\/api.w.org\/{rel}","templated":true}]}}