{"id":13,"date":"2013-11-27T22:14:48","date_gmt":"2013-11-27T21:14:48","guid":{"rendered":"http:\/\/listelibrebriis.org\/wordpress\/?page_id=13"},"modified":"2022-10-28T17:25:20","modified_gmt":"2022-10-28T16:25:20","slug":"lequipe","status":"publish","type":"page","link":"https:\/\/listelibrebriis.org\/wordpress\/?page_id=13","title":{"rendered":"L&rsquo;\u00e9quipe"},"content":{"rendered":"<p style=\"text-align: left;\">La f\u00e9d\u00e9ration des parents d\u2019\u00e9l\u00e8ves de la Liste Libre est un regroupement de parents b\u00e9n\u00e9voles, d\u2019horizon et de profil divers, sans appartenance politique ou religieuse.<\/p>\n<p style=\"text-align: left;\">Ce qui nous anime c\u2019est avant tout le <strong>bien-\u00eatre de vos enfants, <\/strong>souhaitant que leur scolarit\u00e9 se d\u00e9roule au mieux.<\/p>\n<p style=\"text-align: left;\">Nous <strong>collaborons<\/strong>\u00a0 et disposons d&rsquo;un <strong>r\u00f4le<\/strong> de <strong>m\u00e9diateur<\/strong> avec les \u00e9quipes p\u00e9dagogique et administrative lors des commissions ainsi qu&rsquo;au quotidien. Nous <strong>informons<\/strong> \u00e9galement les parents des \u00e9v\u00e8nements ayant lieu au sein de l\u2019\u00e9tablissement. <\/p>\n<p style=\"text-align: left;\">Gr\u00e2ce \u00e0 ces \u00e9changes nous participons ainsi pleinement aux prises de d\u00e9cisions qui concernent vos enfants afin de d\u00e9fendre leurs int\u00e9r\u00eats, dans le respect de leurs droits.<\/p>\n<p style=\"text-align: left;\">Nos repr\u00e9sentants couvrent tous les niveaux et toutes les communes, ce qui nous permet d\u2019aborder les probl\u00e9matiques rencontr\u00e9es par les \u00e9l\u00e8ves ou leurs parents.<\/p>\n<p style=\"text-align: left;\">N\u2019h\u00e9sitez pas \u00e0 nous contacter, nous sommes \u00e0 votre \u00e9coute !<\/p>\n<p style=\"text-align: left;\">\u00a0<\/p>\n\n\n<p><\/p>\n","protected":false},"excerpt":{"rendered":"<p>La f\u00e9d\u00e9ration des parents d\u2019\u00e9l\u00e8ves de la Liste Libre est un regroupement de parents b\u00e9n\u00e9voles, d\u2019horizon et de profil divers, sans appartenance politique ou religieuse. Ce qui nous anime c\u2019est avant tout le bien-\u00eatre de vos enfants, souhaitant que leur &hellip; <a href=\"https:\/\/listelibrebriis.org\/wordpress\/?page_id=13\">Continuer la lecture <span class=\"meta-nav\">&rarr;<\/span><\/a><\/p>\n","protected":false},"author":1,"featured_media":0,"parent":17,"menu_order":0,"comment_status":"open","ping_status":"open","template":"","meta":{"footnotes":""},"class_list":["post-13","page","type-page","status-publish","hentry"],"_links":{"self":[{"href":"https:\/\/listelibrebriis.org\/wordpress\/index.php?rest_route=\/wp\/v2\/pages\/13","targetHints":{"allow":["GET"]}}],"collection":[{"href":"https:\/\/listelibrebriis.org\/wordpress\/index.php?rest_route=\/wp\/v2\/pages"}],"about":[{"href":"https:\/\/listelibrebriis.org\/wordpress\/index.php?rest_route=\/wp\/v2\/types\/page"}],"author":[{"embeddable":true,"href":"https:\/\/listelibrebriis.org\/wordpress\/index.php?rest_route=\/wp\/v2\/users\/1"}],"replies":[{"embeddable":true,"href":"https:\/\/listelibrebriis.org\/wordpress\/index.php?rest_route=%2Fwp%2Fv2%2Fcomments&post=13"}],"version-history":[{"count":22,"href":"https:\/\/listelibrebriis.org\/wordpress\/index.php?rest_route=\/wp\/v2\/pages\/13\/revisions"}],"predecessor-version":[{"id":297,"href":"https:\/\/listelibrebriis.org\/wordpress\/index.php?rest_route=\/wp\/v2\/pages\/13\/revisions\/297"}],"up":[{"embeddable":true,"href":"https:\/\/listelibrebriis.org\/wordpress\/index.php?rest_route=\/wp\/v2\/pages\/17"}],"wp:attachment":[{"href":"https:\/\/listelibrebriis.org\/wordpress\/index.php?rest_route=%2Fwp%2Fv2%2Fmedia&parent=13"}],"curies":[{"name":"wp","href":"https:\/\/api.w.org\/{rel}","templated":true}]}}