{"id":120,"date":"2014-10-12T14:27:22","date_gmt":"2014-10-12T13:27:22","guid":{"rendered":"http:\/\/listelibrebriis.org\/wordpress\/?page_id=120"},"modified":"2018-09-30T15:05:33","modified_gmt":"2018-09-30T14:05:33","slug":"les-flash-infos","status":"publish","type":"page","link":"https:\/\/listelibrebriis.org\/wordpress\/?page_id=120","title":{"rendered":"Les flash infos"},"content":{"rendered":"<p>Afin de vous donner le maximum d&rsquo;informations, nous \u00e9ditons r\u00e9guli\u00e8rement de petits bulletins d&rsquo;information, les flash infos, distribu\u00e9s dans les cahiers de correpsondance de vos enfants. Vous pouvez \u00e9galement les trouver ici:<\/p>\n<ul>\n<li><a title=\"Flash info octobre 2014\" href=\"wp-content\/uploads\/flash-20130924-Livret.pdf\" target=\"_blank\" rel=\"noopener\">Flash info octobre 2014<\/a><\/li>\n<li><a href=\"https:\/\/listelibrebriis.org\/wordpress\/wp-content\/uploads\/flash-20150401-Livret_V31.pdf\">Flash info avril 2015<\/a><\/li>\n<li><a href=\"https:\/\/listelibrebriis.org\/wordpress\/wp-content\/uploads\/flash-20151112-Livret-V3.pdf\">Flash info novembre 2015<\/a><\/li>\n<li><a href=\"https:\/\/listelibrebriis.org\/wordpress\/wp-content\/uploads\/Liste-Libre-Flash-Info-LL-20160430.pdf\">Flash info avril 2015<\/a><\/li>\n<li><a href=\"https:\/\/listelibrebriis.org\/wordpress\/wp-content\/uploads\/Liste-Libre-Flash-Info-10-16-v3.pdf\">Flash info octobre 2016<\/a><\/li>\n<li><a href=\"https:\/\/listelibrebriis.org\/wordpress\/wp-content\/uploads\/Flash-info-septembre-2018-V5.pdf\">Flash info septembre 2018<\/a><\/li>\n<\/ul>\n<p>&nbsp;<\/p>\n<p>&nbsp;<\/p>\n","protected":false},"excerpt":{"rendered":"<p>Afin de vous donner le maximum d&rsquo;informations, nous \u00e9ditons r\u00e9guli\u00e8rement de petits bulletins d&rsquo;information, les flash infos, distribu\u00e9s dans les cahiers de correpsondance de vos enfants. Vous pouvez \u00e9galement les trouver ici: Flash info octobre 2014 Flash info avril 2015 &hellip; <a href=\"https:\/\/listelibrebriis.org\/wordpress\/?page_id=120\">Continuer la lecture <span class=\"meta-nav\">&rarr;<\/span><\/a><\/p>\n","protected":false},"author":2,"featured_media":0,"parent":17,"menu_order":0,"comment_status":"open","ping_status":"open","template":"","meta":{"footnotes":""},"class_list":["post-120","page","type-page","status-publish","hentry"],"_links":{"self":[{"href":"https:\/\/listelibrebriis.org\/wordpress\/index.php?rest_route=\/wp\/v2\/pages\/120","targetHints":{"allow":["GET"]}}],"collection":[{"href":"https:\/\/listelibrebriis.org\/wordpress\/index.php?rest_route=\/wp\/v2\/pages"}],"about":[{"href":"https:\/\/listelibrebriis.org\/wordpress\/index.php?rest_route=\/wp\/v2\/types\/page"}],"author":[{"embeddable":true,"href":"https:\/\/listelibrebriis.org\/wordpress\/index.php?rest_route=\/wp\/v2\/users\/2"}],"replies":[{"embeddable":true,"href":"https:\/\/listelibrebriis.org\/wordpress\/index.php?rest_route=%2Fwp%2Fv2%2Fcomments&post=120"}],"version-history":[{"count":11,"href":"https:\/\/listelibrebriis.org\/wordpress\/index.php?rest_route=\/wp\/v2\/pages\/120\/revisions"}],"predecessor-version":[{"id":230,"href":"https:\/\/listelibrebriis.org\/wordpress\/index.php?rest_route=\/wp\/v2\/pages\/120\/revisions\/230"}],"up":[{"embeddable":true,"href":"https:\/\/listelibrebriis.org\/wordpress\/index.php?rest_route=\/wp\/v2\/pages\/17"}],"wp:attachment":[{"href":"https:\/\/listelibrebriis.org\/wordpress\/index.php?rest_route=%2Fwp%2Fv2%2Fmedia&parent=120"}],"curies":[{"name":"wp","href":"https:\/\/api.w.org\/{rel}","templated":true}]}}